{"id":251,"date":"2021-08-17T02:26:31","date_gmt":"2021-08-17T02:26:31","guid":{"rendered":"https:\/\/grupozima.net\/?page_id=251"},"modified":"2021-08-17T02:26:32","modified_gmt":"2021-08-17T02:26:32","slug":"politicas-de-cookies","status":"publish","type":"page","link":"https:\/\/grupozima.net\/index.php\/politicas-de-cookies\/","title":{"rendered":"Pol\u00edticas de Cookies"},"content":{"rendered":"\n<h2>USO DE COOKIES<\/h2>\n\n\n\n<p><br>Grupo ZIMA por su propia cuenta o por cuenta de un tercero contratado para la<br>prestaci\u00f3n de sus servicios de mediaci\u00f3n, pueden utilizar \u201cCookies\u201d cuando el usuario<br>navega por el Sitio web de Grupo ZIMA. Las Cookies son peque\u00f1os archivos de datos<br>que se almacenan en el disco duro de su equipo de c\u00f3mputo o del dispositivo de<br>comunicaci\u00f3n electr\u00f3nica que usted utiliza cuando navega en nuestro Sitio. Estos<br>archivos de datos permiten intercambiar informaci\u00f3n de estado entre nuestro Sitio<br>web y el navegador que usted utiliza. La \u201cinformaci\u00f3n de estado\u201d puede revelar<br>medios de identificaci\u00f3n de sesi\u00f3n, medios de autenticaci\u00f3n o sus preferencias como<br>usuario, as\u00ed como cualquier otro dato almacenado por el navegador respecto del Sitio<br>web de Grupo ZIMA.<br>Las Cookies nos permiten monitorear el comportamiento de un usuario en l\u00ednea.<br>Utilizamos la informaci\u00f3n que es obtenida a trav\u00e9s de Cookies para ayudarnos a<br>optimizar su experiencia de navegaci\u00f3n. A trav\u00e9s del uso de Cookies podemos, por<br>ejemplo, personalizar en su favor nuestra p\u00e1gina de inicio de manera que nuestras<br>pantallas se desplieguen de mejor manera de acuerdo a su tipo de navegador, facilitar<br>el acceso a los usuarios que se hayan registrado previamente en el Sitio, as\u00ed como a<br>las \u00e1reas, servicios, promociones o concursos reservados exclusivamente a ellos sin<br>tener que registrarse en cada visita.<br>Las Cookies utilizadas por el Sitio web de Grupo ZIMA, se asocian \u00fanicamente con un<br>usuario an\u00f3nimo y su ordenador, y no proporcionan por s\u00ed mismas los datos<br>personales del usuario; no son software esp\u00eda, y Grupo ZIMA no recopila datos de<br>m\u00faltiples sitios o comparte con terceros la informaci\u00f3n que obtenemos a trav\u00e9s de<br>Cookies.<br>Como la mayor\u00eda de los sitios web, nuestros servidores registran su direcci\u00f3n IP, la<br>direcci\u00f3n URL desde la que accedi\u00f3 a nuestro Sitio web, el tipo de navegador, y la<br>fecha y hora de acceso. Utilizamos esta informaci\u00f3n para la administraci\u00f3n del<br>sistema, soluci\u00f3n de problemas t\u00e9cnicos, investigaci\u00f3n de fraudes y para nuestras<br>comunicaciones con usted.<br>El usuario tiene la posibilidad de configurar su navegador para ser avisado de la<br>recepci\u00f3n de cookies y para impedir su instalaci\u00f3n en su equipo. Por favor consulte<br>las instrucciones y manuales de su navegador para ampliar esta informaci\u00f3n.<br>Para utilizar este sitio web, no resulta necesario que el usuario o el tercero que act\u00fae<br>en su nombre, permita la instalaci\u00f3n de las cookies enviadas por el sitio web, sin<\/p>\n\n\n\n<p>perjuicio de que sea necesario que el usuario inicie sesi\u00f3n como tal en cada uno de los<br>servicios cuya prestaci\u00f3n requiera el previo registro o \u201clogin\u201d y\/o contrase\u00f1a.<br>Las cookies utilizadas en este sitio web tienen, en todo caso, car\u00e1cter temporal con la<br>\u00fanica finalidad de hacer m\u00e1s eficaz su ulterior transmisi\u00f3n. En ning\u00fan caso se<br>utilizar\u00e1n las cookies para recoger informaci\u00f3n de car\u00e1cter personal.<br>Su navegador aceptar\u00e1 las cookies y permitir\u00e1 la recolecci\u00f3n autom\u00e1tica de<br>informaci\u00f3n a menos que usted cambie la configuraci\u00f3n predeterminada del<br>navegador. La mayor\u00eda de navegadores web permiten que usted pueda gestionar sus<br>preferencias de cookies. Puede ajustar su navegador para que rechace o elimine<br>cookies. Los siguientes links muestran como ajustar la configuraci\u00f3n del navegador<br>de los navegadores que son utilizados con m\u00e1s frecuencia:<br>\u2022 Internet Explorer.<br>\u2022 Firefox<br>\u2022 Safari<br>\u2022 Chrome<br>\u2022 Uso de Web Beacons.<br>Por \u00faltimo, le informamos que el Sitio web utiliza \u201cWeb Beacons\u201d. Los Web Beacons<br>tambi\u00e9n nos permiten monitorear su comportamiento en medios electr\u00f3nicos.<br>Utilizamos Web Beacons para determinar cu\u00e1ndo y cu\u00e1ntas veces una p\u00e1gina ha sido<br>vista.<br>Utilizamos esta informaci\u00f3n para fines de mercadotecnia, pero \u00fanicamente para<br>nuestras propias pr\u00e1cticas de mercadotecnia.<\/p>\n","protected":false},"excerpt":{"rendered":"<p>USO DE COOKIES Grupo ZIMA por su propia cuenta o por cuenta de un tercero contratado para laprestaci\u00f3n de sus servicios de mediaci\u00f3n, pueden utilizar \u201cCookies\u201d cuando el usuarionavega por el Sitio web de Grupo ZIMA. Las Cookies son peque\u00f1os archivos de datosque se almacenan en el disco duro de su equipo de c\u00f3mputo o [&hellip;]<\/p>\n","protected":false},"author":1,"featured_media":0,"parent":0,"menu_order":0,"comment_status":"closed","ping_status":"closed","template":"","meta":[],"_links":{"self":[{"href":"https:\/\/grupozima.net\/index.php\/wp-json\/wp\/v2\/pages\/251"}],"collection":[{"href":"https:\/\/grupozima.net\/index.php\/wp-json\/wp\/v2\/pages"}],"about":[{"href":"https:\/\/grupozima.net\/index.php\/wp-json\/wp\/v2\/types\/page"}],"author":[{"embeddable":true,"href":"https:\/\/grupozima.net\/index.php\/wp-json\/wp\/v2\/users\/1"}],"replies":[{"embeddable":true,"href":"https:\/\/grupozima.net\/index.php\/wp-json\/wp\/v2\/comments?post=251"}],"version-history":[{"count":1,"href":"https:\/\/grupozima.net\/index.php\/wp-json\/wp\/v2\/pages\/251\/revisions"}],"predecessor-version":[{"id":252,"href":"https:\/\/grupozima.net\/index.php\/wp-json\/wp\/v2\/pages\/251\/revisions\/252"}],"wp:attachment":[{"href":"https:\/\/grupozima.net\/index.php\/wp-json\/wp\/v2\/media?parent=251"}],"curies":[{"name":"wp","href":"https:\/\/api.w.org\/{rel}","templated":true}]}}